{"id":192,"date":"2023-03-27T14:43:26","date_gmt":"2023-03-27T17:43:26","guid":{"rendered":"https:\/\/www.escuderiacoqueiro.com.br\/shop\/?post_type=product&#038;p=192"},"modified":"2023-05-16T20:42:26","modified_gmt":"2023-05-16T23:42:26","slug":"silicone-spray-lubrificante","status":"publish","type":"product","link":"https:\/\/www.escuderiacoqueiro.com.br\/shop\/produtos\/lubrificantes\/silicone-spray-lubrificante\/","title":{"rendered":"SILICONE SPRAY LUBRIFICANTE 300ml"},"content":{"rendered":"<p>O silicone spray foi desenvolvido para aplica\u00e7\u00e3o em locais e superf\u00edcies de dif\u00edcil acesso, promovendo brilho, limpeza e prote\u00e7\u00e3o com facilidade de uso. Pode ser aplicado em pl\u00e1sticos, vidros, pneus, pain\u00e9is de ve\u00edculos, bancos de couro, para-choques, cromados, entre outros.<\/p>\n<p><strong>CARACTER\u00cdSTICAS<\/strong><\/p>\n<ul>\n<li>N\u00e3o gorduroso<\/li>\n<li>Finalizador<\/li>\n<li>Multiuso<\/li>\n<li>Promove brilho e limpeza com facilidade<\/li>\n<\/ul>\n","protected":false},"excerpt":{"rendered":"<p>O silicone spray foi desenvolvido para aplica\u00e7\u00e3o em locais e superf\u00edcies de dif\u00edcil acesso, promovendo brilho, limpeza e prote\u00e7\u00e3o com facilidade de uso. Pode ser aplicado em pl\u00e1sticos, vidros, pneus, pain\u00e9is de ve\u00edculos, bancos de couro, para-choques, cromados, entre outros.<\/p>\n","protected":false},"featured_media":120,"comment_status":"open","ping_status":"closed","template":"","meta":[],"product_cat":[35],"product_tag":[37],"_links":{"self":[{"href":"https:\/\/www.escuderiacoqueiro.com.br\/shop\/wp-json\/wp\/v2\/product\/192"}],"collection":[{"href":"https:\/\/www.escuderiacoqueiro.com.br\/shop\/wp-json\/wp\/v2\/product"}],"about":[{"href":"https:\/\/www.escuderiacoqueiro.com.br\/shop\/wp-json\/wp\/v2\/types\/product"}],"replies":[{"embeddable":true,"href":"https:\/\/www.escuderiacoqueiro.com.br\/shop\/wp-json\/wp\/v2\/comments?post=192"}],"wp:featuredmedia":[{"embeddable":true,"href":"https:\/\/www.escuderiacoqueiro.com.br\/shop\/wp-json\/wp\/v2\/media\/120"}],"wp:attachment":[{"href":"https:\/\/www.escuderiacoqueiro.com.br\/shop\/wp-json\/wp\/v2\/media?parent=192"}],"wp:term":[{"taxonomy":"product_cat","embeddable":true,"href":"https:\/\/www.escuderiacoqueiro.com.br\/shop\/wp-json\/wp\/v2\/product_cat?post=192"},{"taxonomy":"product_tag","embeddable":true,"href":"https:\/\/www.escuderiacoqueiro.com.br\/shop\/wp-json\/wp\/v2\/product_tag?post=192"}],"curies":[{"name":"wp","href":"https:\/\/api.w.org\/{rel}","templated":true}]}}