{"id":189,"date":"2023-03-27T14:39:28","date_gmt":"2023-03-27T17:39:28","guid":{"rendered":"https:\/\/www.escuderiacoqueiro.com.br\/shop\/?post_type=product&#038;p=189"},"modified":"2023-03-27T14:39:28","modified_gmt":"2023-03-27T17:39:28","slug":"limpa-rodas-spray-500ml","status":"publish","type":"product","link":"https:\/\/www.escuderiacoqueiro.com.br\/shop\/produtos\/limpa-rodas\/limpa-rodas-spray-500ml\/","title":{"rendered":"LIMPA RODAS SPRAY 500ml"},"content":{"rendered":"<p>O limpa rodas spray possui a\u00e7\u00e3o r\u00e1pida que penetra em \u00e1reas dif\u00edceis de alcan\u00e7ar, removendo todos os res\u00edduos acumulados nas rodas dos ve\u00edculos.<\/p>\n<p><strong>CARACTER\u00cdSTICAS:<\/strong><\/p>\n<ul>\n<li>Excelente poder de limpeza<\/li>\n<li>F\u00f3rmula de a\u00e7\u00e3o r\u00e1pida<\/li>\n<li>Penetra em \u00e1reas dif\u00edceis de alcan\u00e7ar<\/li>\n<li>F\u00f3rmula alcalina que n\u00e3o agride a borracha dos pneus<\/li>\n<li>Tamb\u00e9m pode ser usado para limpeza de motor<\/li>\n<\/ul>\n","protected":false},"excerpt":{"rendered":"<p>O limpa rodas spray possui a\u00e7\u00e3o r\u00e1pida que penetra em \u00e1reas dif\u00edceis de alcan\u00e7ar, removendo todos os res\u00edduos acumulados nas rodas dos ve\u00edculos.<\/p>\n","protected":false},"featured_media":126,"comment_status":"open","ping_status":"closed","template":"","meta":[],"product_cat":[34],"product_tag":[25],"_links":{"self":[{"href":"https:\/\/www.escuderiacoqueiro.com.br\/shop\/wp-json\/wp\/v2\/product\/189"}],"collection":[{"href":"https:\/\/www.escuderiacoqueiro.com.br\/shop\/wp-json\/wp\/v2\/product"}],"about":[{"href":"https:\/\/www.escuderiacoqueiro.com.br\/shop\/wp-json\/wp\/v2\/types\/product"}],"replies":[{"embeddable":true,"href":"https:\/\/www.escuderiacoqueiro.com.br\/shop\/wp-json\/wp\/v2\/comments?post=189"}],"wp:featuredmedia":[{"embeddable":true,"href":"https:\/\/www.escuderiacoqueiro.com.br\/shop\/wp-json\/wp\/v2\/media\/126"}],"wp:attachment":[{"href":"https:\/\/www.escuderiacoqueiro.com.br\/shop\/wp-json\/wp\/v2\/media?parent=189"}],"wp:term":[{"taxonomy":"product_cat","embeddable":true,"href":"https:\/\/www.escuderiacoqueiro.com.br\/shop\/wp-json\/wp\/v2\/product_cat?post=189"},{"taxonomy":"product_tag","embeddable":true,"href":"https:\/\/www.escuderiacoqueiro.com.br\/shop\/wp-json\/wp\/v2\/product_tag?post=189"}],"curies":[{"name":"wp","href":"https:\/\/api.w.org\/{rel}","templated":true}]}}