{"id":187,"date":"2023-03-27T14:36:58","date_gmt":"2023-03-27T17:36:58","guid":{"rendered":"https:\/\/www.escuderiacoqueiro.com.br\/shop\/?post_type=product&#038;p=187"},"modified":"2023-03-27T14:54:49","modified_gmt":"2023-03-27T17:54:49","slug":"espuma-de-limpeza-profunda-300ml","status":"publish","type":"product","link":"https:\/\/www.escuderiacoqueiro.com.br\/shop\/produtos\/espumas-de-limpeza\/espuma-de-limpeza-profunda-300ml\/","title":{"rendered":"ESPUMA DE LIMPEZA PROFUNDA 300ml"},"content":{"rendered":"<p>F\u00f3rmula espumante que ajuda a levantar a sujeira profunda, restaurando a cor verdadeira de estofados, carpetes e vinis. Ideal para a limpeza de qualquer superf\u00edcie lav\u00e1vel ou pintada. Em uso automotivo, ideal para forros e bancos em geral. Para uso dom\u00e9stico, excelente para a limpeza de carpetes, forros, sof\u00e1s e poltronas.<\/p>\n<p><strong>CARACTER\u00cdSTICAS:<\/strong><\/p>\n<ul>\n<li>Espuma de f\u00e1cil aplica\u00e7\u00e3o e secagem r\u00e1pida<\/li>\n<li>Restaura a cor verdadeira e apar\u00eancia<\/li>\n<li>Eficaz em superf\u00edcies: tapetes de tecido, carpetes, paredes pintadas, acess\u00f3rios e muito mais.<\/li>\n<li>Funciona em manchas, vinil e tecido<\/li>\n<\/ul>\n","protected":false},"excerpt":{"rendered":"<p>F\u00f3rmula espumante que ajuda a levantar a sujeira profunda, restaurando a cor verdadeira de estofados, carpetes e vinis. Ideal para a limpeza de qualquer superf\u00edcie lav\u00e1vel ou pintada. Em uso automotivo, ideal para forros e bancos em geral. Para uso dom\u00e9stico, excelente para a limpeza de carpetes, forros, sof\u00e1s e poltronas.<\/p>\n","protected":false},"featured_media":124,"comment_status":"open","ping_status":"closed","template":"","meta":[],"product_cat":[32],"product_tag":[36],"_links":{"self":[{"href":"https:\/\/www.escuderiacoqueiro.com.br\/shop\/wp-json\/wp\/v2\/product\/187"}],"collection":[{"href":"https:\/\/www.escuderiacoqueiro.com.br\/shop\/wp-json\/wp\/v2\/product"}],"about":[{"href":"https:\/\/www.escuderiacoqueiro.com.br\/shop\/wp-json\/wp\/v2\/types\/product"}],"replies":[{"embeddable":true,"href":"https:\/\/www.escuderiacoqueiro.com.br\/shop\/wp-json\/wp\/v2\/comments?post=187"}],"wp:featuredmedia":[{"embeddable":true,"href":"https:\/\/www.escuderiacoqueiro.com.br\/shop\/wp-json\/wp\/v2\/media\/124"}],"wp:attachment":[{"href":"https:\/\/www.escuderiacoqueiro.com.br\/shop\/wp-json\/wp\/v2\/media?parent=187"}],"wp:term":[{"taxonomy":"product_cat","embeddable":true,"href":"https:\/\/www.escuderiacoqueiro.com.br\/shop\/wp-json\/wp\/v2\/product_cat?post=187"},{"taxonomy":"product_tag","embeddable":true,"href":"https:\/\/www.escuderiacoqueiro.com.br\/shop\/wp-json\/wp\/v2\/product_tag?post=187"}],"curies":[{"name":"wp","href":"https:\/\/api.w.org\/{rel}","templated":true}]}}