{"id":185,"date":"2023-03-27T14:30:04","date_gmt":"2023-03-27T17:30:04","guid":{"rendered":"https:\/\/www.escuderiacoqueiro.com.br\/shop\/?post_type=product&#038;p=185"},"modified":"2023-03-27T14:30:04","modified_gmt":"2023-03-27T17:30:04","slug":"lava-autos-tradicional-car-wash-500ml","status":"publish","type":"product","link":"https:\/\/www.escuderiacoqueiro.com.br\/shop\/produtos\/lavagem\/lava-autos-tradicional-car-wash-500ml\/","title":{"rendered":"LAVA AUTOS TRADICIONAL CAR WASH 500ml"},"content":{"rendered":"<p>Shampoo especialmente formulado para pinturas automotivas. F\u00f3rmula desenvolvida para proporcionar muito mais brilho para seu ve\u00edculo sem danificar a superf\u00edcie.<\/p>\n<p><strong>CARACTER\u00cdSTICAS:<\/strong><\/p>\n<ul>\n<li>Alto poder de limpeza<\/li>\n<li>Produto biodegrad\u00e1vel<\/li>\n<li>F\u00f3rmula balanceada para qualquer tipo de pintura automotiva<\/li>\n<li>Rende at\u00e9 5 lavagens (em ve\u00edculos de porte m\u00e9dio)<\/li>\n<\/ul>\n","protected":false},"excerpt":{"rendered":"<p>Shampoo especialmente formulado para pinturas automotivas. F\u00f3rmula desenvolvida para proporcionar muito mais brilho para seu ve\u00edculo sem danificar a superf\u00edcie.<\/p>\n","protected":false},"featured_media":106,"comment_status":"open","ping_status":"closed","template":"","meta":[],"product_cat":[31],"product_tag":[25],"_links":{"self":[{"href":"https:\/\/www.escuderiacoqueiro.com.br\/shop\/wp-json\/wp\/v2\/product\/185"}],"collection":[{"href":"https:\/\/www.escuderiacoqueiro.com.br\/shop\/wp-json\/wp\/v2\/product"}],"about":[{"href":"https:\/\/www.escuderiacoqueiro.com.br\/shop\/wp-json\/wp\/v2\/types\/product"}],"replies":[{"embeddable":true,"href":"https:\/\/www.escuderiacoqueiro.com.br\/shop\/wp-json\/wp\/v2\/comments?post=185"}],"wp:featuredmedia":[{"embeddable":true,"href":"https:\/\/www.escuderiacoqueiro.com.br\/shop\/wp-json\/wp\/v2\/media\/106"}],"wp:attachment":[{"href":"https:\/\/www.escuderiacoqueiro.com.br\/shop\/wp-json\/wp\/v2\/media?parent=185"}],"wp:term":[{"taxonomy":"product_cat","embeddable":true,"href":"https:\/\/www.escuderiacoqueiro.com.br\/shop\/wp-json\/wp\/v2\/product_cat?post=185"},{"taxonomy":"product_tag","embeddable":true,"href":"https:\/\/www.escuderiacoqueiro.com.br\/shop\/wp-json\/wp\/v2\/product_tag?post=185"}],"curies":[{"name":"wp","href":"https:\/\/api.w.org\/{rel}","templated":true}]}}