{"id":184,"date":"2023-03-27T14:27:31","date_gmt":"2023-03-27T17:27:31","guid":{"rendered":"https:\/\/www.escuderiacoqueiro.com.br\/shop\/?post_type=product&#038;p=184"},"modified":"2023-03-27T14:27:31","modified_gmt":"2023-03-27T17:27:31","slug":"cera-liquida-spray-quick-wax-500ml","status":"publish","type":"product","link":"https:\/\/www.escuderiacoqueiro.com.br\/shop\/produtos\/ceras\/cera-liquida-spray-quick-wax-500ml\/","title":{"rendered":"CERA L\u00cdQUIDA SPRAY QUICK WAX 500ml"},"content":{"rendered":"<p>Produto de f\u00e1cil aplica\u00e7\u00e3o que gera brilho e limpeza sem esfor\u00e7os. Pode ser aplicada em superf\u00edcie ainda molhada dando maior brilho e proporcionando uma camada de cera protetora para qualquer tipo de pintura.<\/p>\n<p><strong>CARATER\u00cdSTICAS:<\/strong><\/p>\n<ul>\n<li>Brilho r\u00e1pido sem esfor\u00e7o<\/li>\n<li>Proporciona uma camada protetora<\/li>\n<li>F\u00e1cil aplica\u00e7\u00e3o e excelente durabilidade<\/li>\n<li>Pode ser aplicada com a carroceria ainda molhada<\/li>\n<li>N\u00e3o mancha borrachas, pl\u00e1sticos e sint\u00e9ticos<\/li>\n<li>Indicada para todos os tipos de ve\u00edculos e pinturas<\/li>\n<\/ul>\n","protected":false},"excerpt":{"rendered":"<p>Produto de f\u00e1cil aplica\u00e7\u00e3o que gera brilho e limpeza sem esfor\u00e7os. Pode ser aplicada em superf\u00edcie ainda molhada dando maior brilho e proporcionando uma camada de cera protetora para qualquer tipo de pintura.<\/p>\n","protected":false},"featured_media":118,"comment_status":"open","ping_status":"closed","template":"","meta":[],"product_cat":[23],"product_tag":[25],"_links":{"self":[{"href":"https:\/\/www.escuderiacoqueiro.com.br\/shop\/wp-json\/wp\/v2\/product\/184"}],"collection":[{"href":"https:\/\/www.escuderiacoqueiro.com.br\/shop\/wp-json\/wp\/v2\/product"}],"about":[{"href":"https:\/\/www.escuderiacoqueiro.com.br\/shop\/wp-json\/wp\/v2\/types\/product"}],"replies":[{"embeddable":true,"href":"https:\/\/www.escuderiacoqueiro.com.br\/shop\/wp-json\/wp\/v2\/comments?post=184"}],"wp:featuredmedia":[{"embeddable":true,"href":"https:\/\/www.escuderiacoqueiro.com.br\/shop\/wp-json\/wp\/v2\/media\/118"}],"wp:attachment":[{"href":"https:\/\/www.escuderiacoqueiro.com.br\/shop\/wp-json\/wp\/v2\/media?parent=184"}],"wp:term":[{"taxonomy":"product_cat","embeddable":true,"href":"https:\/\/www.escuderiacoqueiro.com.br\/shop\/wp-json\/wp\/v2\/product_cat?post=184"},{"taxonomy":"product_tag","embeddable":true,"href":"https:\/\/www.escuderiacoqueiro.com.br\/shop\/wp-json\/wp\/v2\/product_tag?post=184"}],"curies":[{"name":"wp","href":"https:\/\/api.w.org\/{rel}","templated":true}]}}