{"id":183,"date":"2023-03-27T14:23:37","date_gmt":"2023-03-27T17:23:37","guid":{"rendered":"https:\/\/www.escuderiacoqueiro.com.br\/shop\/?post_type=product&#038;p=183"},"modified":"2023-03-30T09:48:07","modified_gmt":"2023-03-30T12:48:07","slug":"limpa-pneus-spray-500ml","status":"publish","type":"product","link":"https:\/\/www.escuderiacoqueiro.com.br\/shop\/produtos\/limpa-pneus\/limpa-pneus-spray-500ml\/","title":{"rendered":"LIMPA PNEUS SPRAY 500ml"},"content":{"rendered":"<p>O limpa- pneus spray proporciona maior brilho para seus pneus, resgatando uma apar\u00eancia de novos por mais tempo. Indicado para limpeza de borrachas automotivas e sint\u00e9ticos.<\/p>\n<p><strong>CARATER\u00cdSTICAS:<\/strong><\/p>\n<ul>\n<li>F\u00e1cil aplica\u00e7\u00e3o<\/li>\n<li>Brilho intenso para os pneus<\/li>\n<li>Produto \u00e1 base de glicerina: ajuda na hidrata\u00e7\u00e3o e prote\u00e7\u00e3o dos pneus<\/li>\n<\/ul>\n","protected":false},"excerpt":{"rendered":"<p>O limpa- pneus spray proporciona maior brilho para seus pneus, resgatando uma apar\u00eancia de novos por mais tempo. Indicado para limpeza de borrachas automotivas e sint\u00e9ticos.<\/p>\n","protected":false},"featured_media":112,"comment_status":"open","ping_status":"closed","template":"","meta":[],"product_cat":[30],"product_tag":[25],"_links":{"self":[{"href":"https:\/\/www.escuderiacoqueiro.com.br\/shop\/wp-json\/wp\/v2\/product\/183"}],"collection":[{"href":"https:\/\/www.escuderiacoqueiro.com.br\/shop\/wp-json\/wp\/v2\/product"}],"about":[{"href":"https:\/\/www.escuderiacoqueiro.com.br\/shop\/wp-json\/wp\/v2\/types\/product"}],"replies":[{"embeddable":true,"href":"https:\/\/www.escuderiacoqueiro.com.br\/shop\/wp-json\/wp\/v2\/comments?post=183"}],"wp:featuredmedia":[{"embeddable":true,"href":"https:\/\/www.escuderiacoqueiro.com.br\/shop\/wp-json\/wp\/v2\/media\/112"}],"wp:attachment":[{"href":"https:\/\/www.escuderiacoqueiro.com.br\/shop\/wp-json\/wp\/v2\/media?parent=183"}],"wp:term":[{"taxonomy":"product_cat","embeddable":true,"href":"https:\/\/www.escuderiacoqueiro.com.br\/shop\/wp-json\/wp\/v2\/product_cat?post=183"},{"taxonomy":"product_tag","embeddable":true,"href":"https:\/\/www.escuderiacoqueiro.com.br\/shop\/wp-json\/wp\/v2\/product_tag?post=183"}],"curies":[{"name":"wp","href":"https:\/\/api.w.org\/{rel}","templated":true}]}}